{"id":798,"date":"2019-07-11T11:58:33","date_gmt":"2019-07-11T09:58:33","guid":{"rendered":"http:\/\/thinkinsafety.com\/privacy-policy\/"},"modified":"2019-08-02T18:29:29","modified_gmt":"2019-08-02T16:29:29","slug":"privacy-policy-and-cookies","status":"publish","type":"page","link":"https:\/\/www.thinkinsafety.com\/en\/privacy-policy-and-cookies\/","title":{"rendered":"Privacy Policy and Cookies"},"content":{"rendered":"<p>[et_pb_section fb_built=&#8221;1&#8243; _builder_version=&#8221;3.24.1&#8243;][et_pb_row _builder_version=&#8221;3.25&#8243;][et_pb_column type=&#8221;4_4&#8243; _builder_version=&#8221;3.25&#8243; custom_padding=&#8221;|||&#8221; custom_padding__hover=&#8221;|||&#8221;][et_pb_text _builder_version=&#8221;3.25.4&#8243; text_font=&#8221;Roboto|300|||||||&#8221; text_font_size=&#8221;16px&#8221; header_font=&#8221;Roboto|900|||||||&#8221; header_font_size=&#8221;45px&#8221; header_3_font=&#8221;Roboto|300|||||||&#8221; header_4_font=&#8221;|300|||||||&#8221;]<\/p>\n<p><strong><u>About us<\/u><\/strong><\/p>\n<p>Our website address is: <span><a href=\"http:\/\/thinkinsafety.com\">http:\/\/thinkinsafety.com<\/a><\/span><\/p>\n<p>&nbsp;<\/p>\n<p><strong><u>Personal data we collect and why we do it<\/u><\/strong><\/p>\n<p><strong>Comments<\/strong><\/p>\n<p>When visitors upload their comments on the web, we collect the data that is displayed in the comments form, as well as the visitor&#8217;s IP address and the browser&#8217;s user agent chain to help detect spam.<\/p>\n<p>An anonymous chain created from your email address (also called a hash) can be provided to the Gravatar service to check if you are using it. The privacy policy of the Gravatar service is available here: https:\/\/automattic.com\/privacy\/. After the approval of your comment, the image of your profile is visible to the public in the context of your comment.<\/p>\n<p>&nbsp;<\/p>\n<p><strong>Media<\/strong><\/p>\n<p>If you upload images to the web you should avoid uploading images with location data (GPS EXIF) included. Visitors to the web can download and extract any location data from web images.<\/p>\n<p>&nbsp;<\/p>\n<p><strong>Contact forms<\/strong><\/p>\n<p><strong>\u00a0<\/strong><\/p>\n<p><strong>Cookies<\/strong><\/p>\n<p>If you leave a comment on our site you can choose to save your name, email address and web in cookies. This is for your convenience, so you do not have to re-fill your data when you leave another comment. These cookies will last one year.<\/p>\n<p>If you have an account and you connect to this site, we will install a temporary cookie to determine if your browser accepts cookies. This cookie does not contain personal data and is deleted when the browser is closed.<\/p>\n<p>When you log in, we will also install several cookies to store your login information and your screen viewing options. The login cookies last for 2 days, and the screen options cookies last one year. If you select \u00abRemember me\u00bb, your login will last for two weeks. If you leave your account, the sign-in cookies will be deleted.<\/p>\n<p>If you edit or publish an article, an additional cookie will be saved in your browser. This cookie does not include personal data and simply indicates the ID of the article that you just edited. Expires after 1 day.<\/p>\n<p>&nbsp;<\/p>\n<p><strong>Embedded content from other websites<\/strong><\/p>\n<p>Articles on this site may include embedded content (for example, videos, images, articles, etc.). The embedded content of other websites behaves in exactly the same way as if the visitor had visited the other website.<\/p>\n<p>These websites may collect data about you, use cookies, embed additional third-party tracking, and monitor your interaction with that embedded content, including tracking your interaction with the embedded content if you have an account and are connected to that website.<\/p>\n<p>&nbsp;<\/p>\n<p><strong>Analytics<\/strong><\/p>\n<p><strong>\u00a0<\/strong><\/p>\n<p><strong>With whom we share your data<\/strong><\/p>\n<p>&nbsp;<\/p>\n<p><strong>How long we keep your data<\/strong><\/p>\n<p>If you leave a comment, the comment and its metadata are kept indefinitely. This is so that we can recognize and approve successive comments automatically instead of keeping them in a moderation queue.<\/p>\n<p>&nbsp;<\/p>\n<p>Of the users who register on our website (if any), we also store the personal information they provide in their user profile. All users can view, edit or delete their personal information at any time (except that they can not change their username). Web administrators can also view and edit that information.<\/p>\n<p>&nbsp;<\/p>\n<p><strong>What rights do you have about your data?<\/strong><\/p>\n<p>If you have an account or have left comments on this website, you can request to receive an export file of the personal data we have about you, including any information you have provided to us. You can also request that we remove any personal information we have about you. This does not include any data that we are required to keep for administrative, legal or security purposes.<\/p>\n<p><strong>\u00a0<\/strong><\/p>\n<p><strong>Where we send your data<\/strong><\/p>\n<p>Visitor comments may be reviewed by an automatic spam detection service.<\/p>\n<p>&nbsp;<\/p>\n<p>On behalf of the company, we process the information you provide us with in order to send you advertising related to our products and services by any means (postal, email or telephone) and invite you to events organized by the company. The data provided will be kept until you request the cessation of the activity. The data will not be transferred to third parties except in cases where there is a legal obligation. You have the right to obtain confirmation of whether we are treating your personal data at Thinkinsafety Consulting, therefore you have the right to access your personal data, correct inaccurate data or request its deletion when the data is no longer necessary for the purposes that were collected.<\/p>\n<p>[\/et_pb_text][\/et_pb_column][\/et_pb_row][\/et_pb_section][et_pb_section fb_built=&#8221;1&#8243; _builder_version=&#8221;3.24.1&#8243; background_color=&#8221;#333333&#8243;][et_pb_row _builder_version=&#8221;3.25&#8243;][et_pb_column type=&#8221;4_4&#8243; _builder_version=&#8221;3.25&#8243; custom_padding=&#8221;|||&#8221; custom_padding__hover=&#8221;|||&#8221;][\/et_pb_column][\/et_pb_row][\/et_pb_section]<\/p>\n","protected":false},"excerpt":{"rendered":"<p>About us Our website address is: http:\/\/thinkinsafety.com &nbsp; Personal data we collect and why we do it Comments When visitors upload their comments on the web, we collect the data that is displayed in the comments form, as well as the visitor&#8217;s IP address and the browser&#8217;s user agent chain to help detect spam. An [&hellip;]<\/p>\n","protected":false},"author":3,"featured_media":0,"parent":0,"menu_order":0,"comment_status":"closed","ping_status":"closed","template":"","meta":{"_et_pb_use_builder":"on","_et_pb_old_content":"<!-- wp:heading --><h2>Qui\u00e9nes somos<\/h2><!-- \/wp:heading --><!-- wp:paragraph --><p>La direcci\u00f3n de nuestra web es: http:\/\/thinkinsafety.com.<\/p><!-- \/wp:paragraph --><!-- wp:heading --><h2>Qu\u00e9 datos personales recogemos y por qu\u00e9 los recogemos<\/h2><!-- \/wp:heading --><!-- wp:heading {\"level\":3} --><h3>Comentarios<\/h3><!-- \/wp:heading --><!-- wp:paragraph --><p>Cuando los visitantes dejan comentarios en la web, recopilamos los datos que se muestran en el formulario de comentarios, as\u00ed como la direcci\u00f3n IP del visitante y la cadena de agentes de usuario del navegador para ayudar a la detecci\u00f3n de spam.<\/p><!-- \/wp:paragraph --><!-- wp:paragraph --><p>Una cadena an\u00f3nima creada a partir de tu direcci\u00f3n de correo electr\u00f3nico (tambi\u00e9n llamada hash) puede ser proporcionada al servicio de Gravatar para ver si la est\u00e1s usando. La pol\u00edtica de privacidad del servicio Gravatar est\u00e1 disponible aqu\u00ed: https:\/\/automattic.com\/privacy\/. Despu\u00e9s de la aprobaci\u00f3n de tu comentario, la imagen de tu perfil es visible para el p\u00fablico en el contexto de su comentario.<\/p><!-- \/wp:paragraph --><!-- wp:heading {\"level\":3} --><h3>Medios<\/h3><!-- \/wp:heading --><!-- wp:paragraph --><p>Si subes im\u00e1genes a la web deber\u00edas evitar subir im\u00e1genes con datos de ubicaci\u00f3n (GPS EXIF) incluidos. Los visitantes de la web pueden descargar y extraer cualquier dato de localizaci\u00f3n de las im\u00e1genes de la web.<\/p><!-- \/wp:paragraph --><!-- wp:heading {\"level\":3} --><h3>Formularios de contacto<\/h3><!-- \/wp:heading --><!-- wp:heading {\"level\":3} --><h3>Cookies<\/h3><!-- \/wp:heading --><!-- wp:paragraph --><p>Si dejas un comentario en nuestro sitio puedes elegir guardar tu nombre, direcci\u00f3n de correo electr\u00f3nico y web en cookies. Esto es para tu comodidad, para que no tengas que volver a rellenar tus datos cuando dejes otro comentario. Estas cookies tendr\u00e1n una duraci\u00f3n de un a\u00f1o.<\/p><!-- \/wp:paragraph --><!-- wp:paragraph --><p>Si tienes una cuenta y te conectas a este sitio, instalaremos una cookie temporal para determinar si tu navegador acepta cookies. Esta cookie no contiene datos personales y se elimina al cerrar el navegador.<\/p><!-- \/wp:paragraph --><!-- wp:paragraph --><p>Cuando inicias sesi\u00f3n, tambi\u00e9n instalaremos varias cookies para guardar tu informaci\u00f3n de inicio de sesi\u00f3n y tus opciones de visualizaci\u00f3n de pantalla. Las cookies de inicio de sesi\u00f3n duran dos d\u00edas, y las cookies de opciones de pantalla duran un a\u00f1o. Si seleccionas &quot;Recordarme&quot;, tu inicio de sesi\u00f3n perdurar\u00e1 durante dos semanas. Si sales de tu cuenta, las cookies de inicio de sesi\u00f3n se eliminar\u00e1n.<\/p><!-- \/wp:paragraph --><!-- wp:paragraph --><p>Si editas o publicas un art\u00edculo se guardar\u00e1 una cookie adicional en tu navegador. Esta cookie no incluye datos personales y simplemente indica el ID del art\u00edculo que acabas de editar. Caduca despu\u00e9s de 1 d\u00eda.<\/p><!-- \/wp:paragraph --><!-- wp:heading {\"level\":3} --><h3>Contenido incrustado de otros sitios web<\/h3><!-- \/wp:heading --><!-- wp:paragraph --><p>Los art\u00edculos de este sitio pueden incluir contenido incrustado (por ejemplo, v\u00eddeos, im\u00e1genes, art\u00edculos, etc.). El contenido incrustado de otras web se comporta exactamente de la misma manera que si el visitante hubiera visitado la otra web.<\/p><!-- \/wp:paragraph --><!-- wp:paragraph --><p>Estas web pueden recopilar datos sobre ti, utilizar cookies, incrustar un seguimiento adicional de terceros, y supervisar tu interacci\u00f3n con ese contenido incrustado, incluido el seguimiento de tu interacci\u00f3n con el contenido incrustado si tienes una cuenta y est\u00e1s conectado a esa web.<\/p><!-- \/wp:paragraph --><!-- wp:heading {\"level\":3} --><h3>Anal\u00edtica<\/h3><!-- \/wp:heading --><!-- wp:heading --><h2>Con qui\u00e9n compartimos tus datos<\/h2><!-- \/wp:heading --><!-- wp:heading --><h2>Cu\u00e1nto tiempo conservamos tus datos<\/h2><!-- \/wp:heading --><!-- wp:paragraph --><p>Si dejas un comentario, el comentario y sus metadatos se conservan indefinidamente. Esto es para que podamos reconocer y aprobar comentarios sucesivos autom\u00e1ticamente en lugar de mantenerlos en una cola de moderaci\u00f3n.<\/p><!-- \/wp:paragraph --><!-- wp:paragraph --><p>De los usuarios que se registran en nuestra web (si los hay), tambi\u00e9n almacenamos la informaci\u00f3n personal que proporcionan en su perfil de usuario. Todos los usuarios pueden ver, editar o eliminar su informaci\u00f3n personal en cualquier momento (excepto que no pueden cambiar su nombre de usuario). Los administradores de la web tambi\u00e9n pueden ver y editar esa informaci\u00f3n.<\/p><!-- \/wp:paragraph --><!-- wp:heading --><h2>Qu\u00e9 derechos tienes sobre tus datos<\/h2><!-- \/wp:heading --><!-- wp:paragraph --><p>Si tienes una cuenta o has dejado comentarios en esta web, puedes solicitar recibir un archivo de exportaci\u00f3n de los datos personales que tenemos sobre ti, incluyendo cualquier dato que nos hayas proporcionado. Tambi\u00e9n puedes solicitar que eliminemos cualquier dato personal que tengamos sobre ti. Esto no incluye ning\u00fan dato que estemos obligados a conservar con fines administrativos, legales o de seguridad.<\/p><!-- \/wp:paragraph --><!-- wp:heading --><h2>D\u00f3nde enviamos tus datos<\/h2><!-- \/wp:heading --><!-- wp:paragraph --><p>Los comentarios de los visitantes puede que los revise un servicio de detecci\u00f3n autom\u00e1tica de spam.<\/p><!-- \/wp:paragraph --><!-- wp:heading --><h2>Tu informaci\u00f3n de contacto<\/h2><!-- \/wp:heading --><!-- wp:heading --><h2>Informaci\u00f3n adicional<\/h2><!-- \/wp:heading --><!-- wp:heading {\"level\":3} --><h3>C\u00f3mo protegemos tus datos<\/h3><!-- \/wp:heading --><!-- wp:heading {\"level\":3} --><h3>Qu\u00e9 procedimientos utilizamos contra las brechas de datos<\/h3><!-- \/wp:heading --><!-- wp:heading {\"level\":3} --><h3>De qu\u00e9 terceros recibimos datos<\/h3><!-- \/wp:heading --><!-- wp:heading {\"level\":3} --><h3>Qu\u00e9 tipo de toma de decisiones automatizada y\/o perfilado hacemos con los datos del usuario<\/h3><!-- \/wp:heading --><!-- wp:heading {\"level\":3} --><h3>Requerimientos regulatorios de revelaci\u00f3n de informaci\u00f3n del sector<\/h3><!-- \/wp:heading -->","_et_gb_content_width":"","footnotes":""},"yoast_head":"<!-- This site is optimized with the Yoast SEO plugin v21.6 - https:\/\/yoast.com\/wordpress\/plugins\/seo\/ -->\n<title>Think in safety - Consulting - Privacy Policy and Cookies<\/title>\n<meta name=\"robots\" content=\"index, follow, max-snippet:-1, max-image-preview:large, max-video-preview:-1\" \/>\n<link rel=\"canonical\" href=\"https:\/\/www.thinkinsafety.com\/en\/privacy-policy-and-cookies\/\" \/>\n<meta property=\"og:locale\" content=\"en_US\" \/>\n<meta property=\"og:type\" content=\"article\" \/>\n<meta property=\"og:title\" content=\"Think in safety - Consulting - Privacy Policy and Cookies\" \/>\n<meta property=\"og:description\" content=\"About us Our website address is: http:\/\/thinkinsafety.com &nbsp; Personal data we collect and why we do it Comments When visitors upload their comments on the web, we collect the data that is displayed in the comments form, as well as the visitor&#039;s IP address and the browser&#039;s user agent chain to help detect spam. An [&hellip;]\" \/>\n<meta property=\"og:url\" content=\"https:\/\/www.thinkinsafety.com\/en\/privacy-policy-and-cookies\/\" \/>\n<meta property=\"og:site_name\" content=\"Think in safety - Consulting\" \/>\n<meta property=\"article:publisher\" content=\"https:\/\/www.facebook.com\/Thinkinsafety-Consulting-1617747771789780\/?ref=br_rs\" \/>\n<meta property=\"article:modified_time\" content=\"2019-08-02T16:29:29+00:00\" \/>\n<meta name=\"twitter:card\" content=\"summary_large_image\" \/>\n<meta name=\"twitter:label1\" content=\"Est. reading time\" \/>\n\t<meta name=\"twitter:data1\" content=\"4 minutes\" \/>\n<script type=\"application\/ld+json\" class=\"yoast-schema-graph\">{\"@context\":\"https:\/\/schema.org\",\"@graph\":[{\"@type\":\"WebPage\",\"@id\":\"https:\/\/www.thinkinsafety.com\/en\/privacy-policy-and-cookies\/\",\"url\":\"https:\/\/www.thinkinsafety.com\/en\/privacy-policy-and-cookies\/\",\"name\":\"Think in safety - Consulting - Privacy Policy and Cookies\",\"isPartOf\":{\"@id\":\"https:\/\/www.thinkinsafety.com\/en\/#website\"},\"datePublished\":\"2019-07-11T09:58:33+00:00\",\"dateModified\":\"2019-08-02T16:29:29+00:00\",\"breadcrumb\":{\"@id\":\"https:\/\/www.thinkinsafety.com\/en\/privacy-policy-and-cookies\/#breadcrumb\"},\"inLanguage\":\"en-US\",\"potentialAction\":[{\"@type\":\"ReadAction\",\"target\":[\"https:\/\/www.thinkinsafety.com\/en\/privacy-policy-and-cookies\/\"]}]},{\"@type\":\"BreadcrumbList\",\"@id\":\"https:\/\/www.thinkinsafety.com\/en\/privacy-policy-and-cookies\/#breadcrumb\",\"itemListElement\":[{\"@type\":\"ListItem\",\"position\":1,\"name\":\"Portada\",\"item\":\"https:\/\/www.thinkinsafety.com\/en\/\"},{\"@type\":\"ListItem\",\"position\":2,\"name\":\"Privacy Policy and Cookies\"}]},{\"@type\":\"WebSite\",\"@id\":\"https:\/\/www.thinkinsafety.com\/en\/#website\",\"url\":\"https:\/\/www.thinkinsafety.com\/en\/\",\"name\":\"Think in safety - Consulting\",\"description\":\"\",\"publisher\":{\"@id\":\"https:\/\/www.thinkinsafety.com\/en\/#organization\"},\"potentialAction\":[{\"@type\":\"SearchAction\",\"target\":{\"@type\":\"EntryPoint\",\"urlTemplate\":\"https:\/\/www.thinkinsafety.com\/en\/?s={search_term_string}\"},\"query-input\":\"required name=search_term_string\"}],\"inLanguage\":\"en-US\"},{\"@type\":\"Organization\",\"@id\":\"https:\/\/www.thinkinsafety.com\/en\/#organization\",\"name\":\"Think in Safety\",\"url\":\"https:\/\/www.thinkinsafety.com\/en\/\",\"logo\":{\"@type\":\"ImageObject\",\"inLanguage\":\"en-US\",\"@id\":\"https:\/\/www.thinkinsafety.com\/en\/#\/schema\/logo\/image\/\",\"url\":\"https:\/\/www.thinkinsafety.com\/wp-content\/uploads\/2019\/06\/Logo_THinkInSafety.png\",\"contentUrl\":\"https:\/\/www.thinkinsafety.com\/wp-content\/uploads\/2019\/06\/Logo_THinkInSafety.png\",\"width\":500,\"height\":98,\"caption\":\"Think in Safety\"},\"image\":{\"@id\":\"https:\/\/www.thinkinsafety.com\/en\/#\/schema\/logo\/image\/\"},\"sameAs\":[\"https:\/\/www.facebook.com\/Thinkinsafety-Consulting-1617747771789780\/?ref=br_rs\",\"https:\/\/www.linkedin.com\/company\/thinkinsafety-consulting\/about\/\"]}]}<\/script>\n<!-- \/ Yoast SEO plugin. -->","yoast_head_json":{"title":"Think in safety - Consulting - Privacy Policy and Cookies","robots":{"index":"index","follow":"follow","max-snippet":"max-snippet:-1","max-image-preview":"max-image-preview:large","max-video-preview":"max-video-preview:-1"},"canonical":"https:\/\/www.thinkinsafety.com\/en\/privacy-policy-and-cookies\/","og_locale":"en_US","og_type":"article","og_title":"Think in safety - Consulting - Privacy Policy and Cookies","og_description":"About us Our website address is: http:\/\/thinkinsafety.com &nbsp; Personal data we collect and why we do it Comments When visitors upload their comments on the web, we collect the data that is displayed in the comments form, as well as the visitor's IP address and the browser's user agent chain to help detect spam. An [&hellip;]","og_url":"https:\/\/www.thinkinsafety.com\/en\/privacy-policy-and-cookies\/","og_site_name":"Think in safety - Consulting","article_publisher":"https:\/\/www.facebook.com\/Thinkinsafety-Consulting-1617747771789780\/?ref=br_rs","article_modified_time":"2019-08-02T16:29:29+00:00","twitter_card":"summary_large_image","twitter_misc":{"Est. reading time":"4 minutes"},"schema":{"@context":"https:\/\/schema.org","@graph":[{"@type":"WebPage","@id":"https:\/\/www.thinkinsafety.com\/en\/privacy-policy-and-cookies\/","url":"https:\/\/www.thinkinsafety.com\/en\/privacy-policy-and-cookies\/","name":"Think in safety - Consulting - Privacy Policy and Cookies","isPartOf":{"@id":"https:\/\/www.thinkinsafety.com\/en\/#website"},"datePublished":"2019-07-11T09:58:33+00:00","dateModified":"2019-08-02T16:29:29+00:00","breadcrumb":{"@id":"https:\/\/www.thinkinsafety.com\/en\/privacy-policy-and-cookies\/#breadcrumb"},"inLanguage":"en-US","potentialAction":[{"@type":"ReadAction","target":["https:\/\/www.thinkinsafety.com\/en\/privacy-policy-and-cookies\/"]}]},{"@type":"BreadcrumbList","@id":"https:\/\/www.thinkinsafety.com\/en\/privacy-policy-and-cookies\/#breadcrumb","itemListElement":[{"@type":"ListItem","position":1,"name":"Portada","item":"https:\/\/www.thinkinsafety.com\/en\/"},{"@type":"ListItem","position":2,"name":"Privacy Policy and Cookies"}]},{"@type":"WebSite","@id":"https:\/\/www.thinkinsafety.com\/en\/#website","url":"https:\/\/www.thinkinsafety.com\/en\/","name":"Think in safety - Consulting","description":"","publisher":{"@id":"https:\/\/www.thinkinsafety.com\/en\/#organization"},"potentialAction":[{"@type":"SearchAction","target":{"@type":"EntryPoint","urlTemplate":"https:\/\/www.thinkinsafety.com\/en\/?s={search_term_string}"},"query-input":"required name=search_term_string"}],"inLanguage":"en-US"},{"@type":"Organization","@id":"https:\/\/www.thinkinsafety.com\/en\/#organization","name":"Think in Safety","url":"https:\/\/www.thinkinsafety.com\/en\/","logo":{"@type":"ImageObject","inLanguage":"en-US","@id":"https:\/\/www.thinkinsafety.com\/en\/#\/schema\/logo\/image\/","url":"https:\/\/www.thinkinsafety.com\/wp-content\/uploads\/2019\/06\/Logo_THinkInSafety.png","contentUrl":"https:\/\/www.thinkinsafety.com\/wp-content\/uploads\/2019\/06\/Logo_THinkInSafety.png","width":500,"height":98,"caption":"Think in Safety"},"image":{"@id":"https:\/\/www.thinkinsafety.com\/en\/#\/schema\/logo\/image\/"},"sameAs":["https:\/\/www.facebook.com\/Thinkinsafety-Consulting-1617747771789780\/?ref=br_rs","https:\/\/www.linkedin.com\/company\/thinkinsafety-consulting\/about\/"]}]}},"_links":{"self":[{"href":"https:\/\/www.thinkinsafety.com\/en\/wp-json\/wp\/v2\/pages\/798"}],"collection":[{"href":"https:\/\/www.thinkinsafety.com\/en\/wp-json\/wp\/v2\/pages"}],"about":[{"href":"https:\/\/www.thinkinsafety.com\/en\/wp-json\/wp\/v2\/types\/page"}],"author":[{"embeddable":true,"href":"https:\/\/www.thinkinsafety.com\/en\/wp-json\/wp\/v2\/users\/3"}],"replies":[{"embeddable":true,"href":"https:\/\/www.thinkinsafety.com\/en\/wp-json\/wp\/v2\/comments?post=798"}],"version-history":[{"count":3,"href":"https:\/\/www.thinkinsafety.com\/en\/wp-json\/wp\/v2\/pages\/798\/revisions"}],"predecessor-version":[{"id":845,"href":"https:\/\/www.thinkinsafety.com\/en\/wp-json\/wp\/v2\/pages\/798\/revisions\/845"}],"wp:attachment":[{"href":"https:\/\/www.thinkinsafety.com\/en\/wp-json\/wp\/v2\/media?parent=798"}],"curies":[{"name":"wp","href":"https:\/\/api.w.org\/{rel}","templated":true}]}}